{"id":30,"date":"2017-06-27T12:29:34","date_gmt":"2017-06-27T10:29:34","guid":{"rendered":"http:\/\/www.maternamonumentoporcia.it\/site\/?page_id=30"},"modified":"2017-06-27T12:29:34","modified_gmt":"2017-06-27T10:29:34","slug":"storia-della-scuola","status":"publish","type":"page","link":"https:\/\/www.maternamonumentoporcia.it\/site\/la-scuola\/storia-della-scuola\/","title":{"rendered":"Storia della scuola"},"content":{"rendered":"<p style=\"text-align: left;\">Il primo documento rinvenuto che parla dell&#8217;istituzione di un Asilo a Porcia risale al 6 luglio 1923; \u00e8 un verbale di riunione di 30 capifamiglia in cui si auspica l&#8217;erezione dell&#8217;istituto infantile per rispondere alle necessit\u00e0 di accudimento dei bambini in et\u00e0 prescolare delle famiglie che iniziano a lavorare nel prime industrie della zona, specie i cotonifici.<\/p>\n<p style=\"text-align: left;\">Subito dopo viene istituito un Comitato \u201c pro Asili Infantili Monumento Caduti di Porcia\u201d presieduto dal Sig. Antonio De Mattia, che provvede ad organizzare feste ed eventi , tra cui una pesca di beneficenza, per raccogliere fondi per la costruzione dell&#8217;asilo. \u00a0\u00a0\u00a0\u00a0\u00a0\u00a0\u00a0\u00a0\u00a0\u00a0\u00a0\u00a0\u00a0\u00a0\u00a0\u00a0\u00a0\u00a0 Il cappellano della Parrocchia di S. Giorgio, don Fabris, riferisce di una sottoscrizione pro-erigendo asilo, che frutt\u00f2 9.600 lire.<\/p>\n<p style=\"text-align: left;\">Nel dicembre del 1926, in occasione della relazione della Giunta Comunale sulla necessit\u00e0 di intensificare l&#8217;opera di assistenza del Comune, l&#8217;Asilo \u00e8 gi\u00e0 funzionante, come appare costruito anche il Monumento ai Caduti, per cui fa fede, la data composta sul pavimento dello stesso.<\/p>\n<p style=\"text-align: left;\">Da una lettera datata 19\/4\/1927, su carta intestata \u201cMunicipio di Porcia\u201d Provincia del Friuli, indirizzata alla Federazione Provinciale dell&#8217;Opera Nazionale per la protezione della Maternit\u00e0 e dell&#8217;Infanzia di Udine, il Podest\u00e0 comunica che \u00e8 funzionante l&#8217;asilo infantile \u201cMonumento ai Caduti nella Grande Guerra\u201d frequentato ormai da 80 bambini. Detto asilo \u00e8 costato 180.000 lire, delle quali 160.000, sono gi\u00e0 state pagate coi fondi raccolti dall&#8217;apposito comitato cittadino.<\/p>\n<p style=\"text-align: left;\">Verosimilmente quindi si pu\u00f2 ritenere che l&#8217;Istituzione sia stata attivata, come riferito dalla compianta Maria Piva, e dalla Pia Viol in Blasut, nell&#8217;Ottobre del 1926.<\/p>\n<p style=\"text-align: left;\">L&#8217;opera \u00e8 stata poi inaugurata il 4 Settembre 1927 con una festa che coinvolse tutta la popolazione, con la partecipazione del Reggimento a Cavallo Saluzzo, bande militari e civili.<\/p>\n<p style=\"text-align: left;\">Per quanto riguarda la titolarit\u00e0 del bene il giorno 2 del mese di Giugno dell&#8217;anno 1930 nell&#8217;ufficio Municipale di Porcia, tra il Commissario Prefettizio del Comune Sig. Toffoli Angelo, e il Presidente\u00a0\u00a0\u00a0\u00a0\u00a0\u00a0 del Comitato Asili Infantili di Porcia, Sig. Antonio De Mattia, che rappresenta la popolazione, viene stipulato il \u201cContratto di accettazione della donazione e compra-vendita di stabili\u201d col quale la titolarit\u00e0 dell&#8217;Asilo passa al Comune di Porcia, con la destinazione educativa dell&#8217;infanzia come stabilito dalla comunit\u00e0 purliliese. Il regolare contratto di comodato d&#8217;uso gratuito , tra il Comune di Porcia, e l&#8217;Associazione dei Genitori che lo gestisce, \u00e8 stato stipulato in data 15 Marzo 2005.<\/p>\n<p style=\"text-align: left;\">A gestire l&#8217;Istituzione, subito dopo la fondazione, furono dapprima chiamate le Suore dell&#8217;Ordine delle \u201cAncelle dell&#8217;Immacolata\u201d di Parma, alle quali subentrano dal 2 Settembre 1942, giusta convenzione stipulata dall&#8217;allora Presidente dell&#8217;Asilo Antonio Valdevit, fino al 2015, le Suore \u201cFiglie di S.Giuseppe\u201d del Beato L.Caburlotto di Venezia.<\/p>\n<p style=\"text-align: left;\">La Scuola Materna, gi\u00e0 Asili Infantili di Porcia e Rorai Piccolo, in quanto fu costruita una succursale anche in quella frazione, chiusa dopo il terremoto del 1976, ha svolto in questi 90 anni un servizio educativo essenziale per la nostra comunit\u00e0, dapprima come unica realt\u00e0 e successivamente complementare ed integrativa della Scuola Statale, divenendo Paritaria, e quindi a tutti gli effetti Scuola Pubblica, in base alla Legge 62\/2000, con decreto 488 del 27.2.2001 .<\/p>\n<p style=\"text-align: left;\">Quindi \u00e8 la Scuola della Comunit\u00e0 di tutti e per tutti, in collaborazione con la Scuola Statale.<\/p>\n<p style=\"text-align: left;\">Questo viene anche evidenziato dalla forma giuridica della nostra Istituzione, che \u00e8 quella dell\u2019Associazione di Genitori senza fini di lucro di ispirazione Cattolica, nella consapevolezzai che \u00e8 compito peculiare della Scuola sviluppare anche la dimensione spirituale del bambino. Per questa specificit\u00e0 l&#8217;offerta formativa della Scuola si rif\u00e0 ai principi educativi di Mons.Luigi Caburlotto di Venezia, fondatore delle Suore Figlie di S.Giuseppe, che per 73 anni hanno diretto la struttura. Il Beato Caburlotto diceva che educare \u00e8 arte del cuore, ci vuole passione per educare al senso del vero, del bello e al gusto del bene.<\/p>\n<p style=\"text-align: left;\">L&#8217;Associazione, costituita con regolare Atto Notarile il 29 Settembre del 1969, \u00e8 gestita da un Consiglio Direttivo, espressione dei Genitori dei Bambini che la frequentano, con la presenza di un Parroco dell&#8217;Unit\u00e0 Pastorale di Porcia, e di 2 rappresentanti del Comune di Porcia, col quale ha in essere fin dal 1989 una Convenzione.<\/p>\n<p style=\"text-align: left;\">Attualmente la Scuola \u00e8 frequentata da 128 bambini, divisi in 5 Sezioni, che sono gestite da 6 Docenti, pi\u00f9 la coordinatrice, una educatrice, una assistente scolastica, 2 ausiliarie, e 2 addette alla mensa, con la collaborazione esterna di specialisti per i laboratori di psicomotricit\u00e0,ed inglese.<\/p>\n<p style=\"text-align: left;\">In data 22\/9\/2016, la Scuola ha ricevuto il riconoscimento da parte dell&#8217;UNICEF di \u201cScuola Amica\u201d avente cio\u00e8 una progettualit\u00e0 che difende e promuove i diritti dei bambini.<\/p>\n<p style=\"text-align: left;\">Per favorire questo la Scuola, come associazione familiare, ha partecipato ai Bandi della Regione FVG a sostegno del ruolo genitoriale. Sia quello del 2012 dal titolo \u201c CO.E.SI.\u201d Costruire Educando Insieme, che quella del 2014 \u201cCRE-ATTIVIAMOCI\u201d, hanno superato il punteggio fissato e quindi sono stati finanziati e realizzati con successo e beneficio per le famiglie.<\/p>\n<p style=\"text-align: left;\">Il Consiglio Direttivo della Scuola nella consapevolezza della \u201cMISSIO EDUCATIVA\u201d si st\u00e0 attivando per poter offrire alla famiglie nuovi servizi che possano venire incontro alle sempre maggiori loro esigenze.<\/p>\n","protected":false},"excerpt":{"rendered":"<p>Il primo documento rinvenuto che parla dell&#8217;istituzione di un Asilo a Porcia risale al 6 luglio 1923; \u00e8 un verbale di riunione di 30 capifamiglia in cui si auspica l&#8217;erezione <a class=\"more-link\" href=\"https:\/\/www.maternamonumentoporcia.it\/site\/la-scuola\/storia-della-scuola\/\">Continua a leggere &amp;rarr;<\/a><\/p>\n","protected":false},"author":1,"featured_media":0,"parent":12,"menu_order":3,"comment_status":"closed","ping_status":"closed","template":"","meta":{"ngg_post_thumbnail":0,"footnotes":""},"class_list":["post-30","page","type-page","status-publish","hentry"],"_links":{"self":[{"href":"https:\/\/www.maternamonumentoporcia.it\/site\/wp-json\/wp\/v2\/pages\/30"}],"collection":[{"href":"https:\/\/www.maternamonumentoporcia.it\/site\/wp-json\/wp\/v2\/pages"}],"about":[{"href":"https:\/\/www.maternamonumentoporcia.it\/site\/wp-json\/wp\/v2\/types\/page"}],"author":[{"embeddable":true,"href":"https:\/\/www.maternamonumentoporcia.it\/site\/wp-json\/wp\/v2\/users\/1"}],"replies":[{"embeddable":true,"href":"https:\/\/www.maternamonumentoporcia.it\/site\/wp-json\/wp\/v2\/comments?post=30"}],"version-history":[{"count":1,"href":"https:\/\/www.maternamonumentoporcia.it\/site\/wp-json\/wp\/v2\/pages\/30\/revisions"}],"predecessor-version":[{"id":31,"href":"https:\/\/www.maternamonumentoporcia.it\/site\/wp-json\/wp\/v2\/pages\/30\/revisions\/31"}],"up":[{"embeddable":true,"href":"https:\/\/www.maternamonumentoporcia.it\/site\/wp-json\/wp\/v2\/pages\/12"}],"wp:attachment":[{"href":"https:\/\/www.maternamonumentoporcia.it\/site\/wp-json\/wp\/v2\/media?parent=30"}],"curies":[{"name":"wp","href":"https:\/\/api.w.org\/{rel}","templated":true}]}}