{"id":26,"date":"2017-06-26T12:00:02","date_gmt":"2017-06-26T10:00:02","guid":{"rendered":"http:\/\/www.maternamonumentoporcia.it\/site\/?page_id=26"},"modified":"2022-11-11T17:06:40","modified_gmt":"2022-11-11T16:06:40","slug":"chi-siamo","status":"publish","type":"page","link":"https:\/\/www.maternamonumentoporcia.it\/site\/la-scuola\/chi-siamo\/","title":{"rendered":"Chi siamo"},"content":{"rendered":"<p>Educare e\u2019 arte del cuore.<\/p>\n<p>Questo e\u2019 il pensiero pedagogico e cristiano di Padre Luigi Caburlotto. Accogliere un bambino in modo personalizzato facendosi carico delle emozioni loro e dei loro famigliari nei delicati momenti&nbsp; dei primi distacchi, significa favorire una dimensione&nbsp; di dialogo, di ricerca, di esperienza sociale volta alla crescita della persona in tutte le sue dimensioni.<br \/>\nOgnuno, con pari dignit\u00e0 e nella diversit\u00e0 dei ruoli, opera per garantire la formazione alla cittadinanza sviluppando le potenzialit\u00e0 di ciascuno ed il recupero delle situazioni di svantaggio in armonia con i principi sanciti dalla costituzione e dalla convenzione internazionale sui diritti dell\u2019infanzia.<br \/>\nLe esperienze che i bambini vivono durante la giornata sono tantissime e spaziano dalle attivit\u00e0 di routine alle attivit\u00e0 strutturate e creative: manipolazione, costruzione di oggetti con materiale di recupero o con tappi di sughero. Costruzione di opere d\u2019arte con forbici colla, carta, scatole, oppure con pasta, riso, sale, sassi.<br \/>\nVarie sono le tecniche di pittura in cui i bambini si cimentano come \u201cspin-art\u201d, utilizzo di tempere, pigmenti, colori alimentari.<\/p>\n<p>Laboratori topologici, di musica, matematica, linguistica, di geometria, inglese, psicomotricit\u00e0.<br \/>\nTutto ci\u00f2 viene proposto come gioco e puro divertimento.<br \/>\nSolo cos\u00ec il bambino pu\u00f2 liberamente esprimere i propri pensieri, le proprie emozioni e il proprio vissuto arricchendo s\u00e9 stesso e il suo prossimo.<\/p>\n<p>LA NOSTRA FORZA: la passione della comunit\u00e0 educante.<br \/>\nIL FUTURO: la grande possibilit\u00e0 e potenzialit\u00e0 da offrire al territorio sociale, civile e morale basata su sani principi di servizio alla persona.<\/p>\n","protected":false},"excerpt":{"rendered":"<p>Educare e\u2019 arte del cuore. Questo e\u2019 il pensiero pedagogico e cristiano di Padre Luigi Caburlotto. Accogliere un bambino in modo personalizzato facendosi carico delle emozioni loro e dei loro <a class=\"more-link\" href=\"https:\/\/www.maternamonumentoporcia.it\/site\/la-scuola\/chi-siamo\/\">Continua a leggere &amp;rarr;<\/a><\/p>\n","protected":false},"author":1,"featured_media":0,"parent":12,"menu_order":1,"comment_status":"closed","ping_status":"closed","template":"","meta":{"ngg_post_thumbnail":0,"footnotes":""},"class_list":["post-26","page","type-page","status-publish","hentry"],"_links":{"self":[{"href":"https:\/\/www.maternamonumentoporcia.it\/site\/wp-json\/wp\/v2\/pages\/26"}],"collection":[{"href":"https:\/\/www.maternamonumentoporcia.it\/site\/wp-json\/wp\/v2\/pages"}],"about":[{"href":"https:\/\/www.maternamonumentoporcia.it\/site\/wp-json\/wp\/v2\/types\/page"}],"author":[{"embeddable":true,"href":"https:\/\/www.maternamonumentoporcia.it\/site\/wp-json\/wp\/v2\/users\/1"}],"replies":[{"embeddable":true,"href":"https:\/\/www.maternamonumentoporcia.it\/site\/wp-json\/wp\/v2\/comments?post=26"}],"version-history":[{"count":6,"href":"https:\/\/www.maternamonumentoporcia.it\/site\/wp-json\/wp\/v2\/pages\/26\/revisions"}],"predecessor-version":[{"id":587,"href":"https:\/\/www.maternamonumentoporcia.it\/site\/wp-json\/wp\/v2\/pages\/26\/revisions\/587"}],"up":[{"embeddable":true,"href":"https:\/\/www.maternamonumentoporcia.it\/site\/wp-json\/wp\/v2\/pages\/12"}],"wp:attachment":[{"href":"https:\/\/www.maternamonumentoporcia.it\/site\/wp-json\/wp\/v2\/media?parent=26"}],"curies":[{"name":"wp","href":"https:\/\/api.w.org\/{rel}","templated":true}]}}